{"id":7199,"date":"2022-11-21T12:23:48","date_gmt":"2022-11-21T11:23:48","guid":{"rendered":"https:\/\/www.dutchdesignandmore.nl\/de\/?page_id=7199"},"modified":"2022-11-21T15:28:51","modified_gmt":"2022-11-21T14:28:51","slug":"404-seite-nicht-gefunden-2","status":"publish","type":"page","link":"https:\/\/www.dutchdesignandmore.nl\/de\/404-seite-nicht-gefunden-2\/","title":{"rendered":"Cookies"},"content":{"rendered":"\t\t<div data-elementor-type=\"wp-page\" data-elementor-id=\"7199\" class=\"elementor elementor-7199\">\n\t\t\t\t\t\t<section class=\"elementor-section elementor-top-section elementor-element elementor-element-806932a elementor-section-boxed elementor-section-height-default elementor-section-height-default qodef-elementor-content-no\" data-id=\"806932a\" data-element_type=\"section\" data-e-type=\"section\">\n\t\t\t\t\t\t<div class=\"elementor-container elementor-column-gap-default\">\n\t\t\t\t\t<div class=\"elementor-column elementor-col-100 elementor-top-column elementor-element elementor-element-42ad534\" data-id=\"42ad534\" data-element_type=\"column\" data-e-type=\"column\">\n\t\t\t<div class=\"elementor-widget-wrap elementor-element-populated\">\n\t\t\t\t\t\t<div class=\"elementor-element elementor-element-90a5138 elementor-widget elementor-widget-heading\" data-id=\"90a5138\" data-element_type=\"widget\" data-e-type=\"widget\" data-widget_type=\"heading.default\">\n\t\t\t\t<div class=\"elementor-widget-container\">\n\t\t\t\t\t<h4 class=\"elementor-heading-title elementor-size-large\">\u00fcber die Cookies, die Dutch Design &amp; More verwendet<\/h4>\t\t\t\t<\/div>\n\t\t\t\t<\/div>\n\t\t\t\t\t<\/div>\n\t\t<\/div>\n\t\t\t\t\t<\/div>\n\t\t<\/section>\n\t\t\t\t<section class=\"elementor-section elementor-top-section elementor-element elementor-element-b45d277 elementor-section-boxed elementor-section-height-default elementor-section-height-default qodef-elementor-content-no\" data-id=\"b45d277\" data-element_type=\"section\" data-e-type=\"section\">\n\t\t\t\t\t\t<div class=\"elementor-container elementor-column-gap-default\">\n\t\t\t\t\t<div class=\"elementor-column elementor-col-100 elementor-top-column elementor-element elementor-element-71cdf92\" data-id=\"71cdf92\" data-element_type=\"column\" data-e-type=\"column\">\n\t\t\t<div class=\"elementor-widget-wrap elementor-element-populated\">\n\t\t\t\t\t\t<div class=\"elementor-element elementor-element-77808df elementor-widget elementor-widget-text-editor\" data-id=\"77808df\" data-element_type=\"widget\" data-e-type=\"widget\" data-widget_type=\"text-editor.default\">\n\t\t\t\t<div class=\"elementor-widget-container\">\n\t\t\t\t\t\t\t\t\t<p>Ein Cookie ist eine kleine Textdatei, die vom Browser Ihres Computers, Tablets oder Smartphones gespeichert wird, wenn Sie unseren Blog zum ersten Mal besuchen. Es gibt verschiedene Arten von Cookies, Dutch Design &amp; More verwendet nur diese 2 Cookies:<br>1. Funktionale Cookies mit rein technischer Funktionalit\u00e4t. Diese stellen sicher, dass unser Blog ordnungsgem\u00e4\u00df funktioniert.<br>2. Analytische Cookies von Google Analytics. Diese Cookies k\u00f6nnen Ihr Surfverhalten verfolgen.<br>Wir verwenden Cookies nur, damit die Website ordnungsgem\u00e4\u00df funktioniert und um unsere Blogs so optimal wie m\u00f6glich auf Ihre Pr\u00e4ferenzen abzustimmen.&nbsp;<\/p>\n<p><span style=\"background-color: rgb(255, 255, 255);\"><br><\/span><\/p>\n<p><span style=\"background-color: rgb(255, 255, 255);\">&nbsp;COOKIE-\u00dcBERSICHT&nbsp;<\/span><\/p><p><span style=\"background-color: rgb(255, 255, 255);\"><br><\/span><\/p>\n<p><span style=\"background-color: rgb(255, 255, 255);\">Cookie-Name, Cookie-Typ, Cookie-Zweck und Aufbewahrungszeitraum<\/span><\/p>\n<p><br><\/p>\n<p>COOK-EINSTELLUNGEN \u00c2NDERN<\/p>\n<p><br>Ihre Cookie-Einstellungen wurden von Ihnen festgelegt, als Sie unsere Website zum ersten Mal besucht haben. Alle nicht funktionalen Cookies k\u00f6nnen pro Kategorie abgelehnt werden. Die Platzierung von Cookies, au\u00dfer funktionalen oder anonymen analytischen Cookies, erfolgt nur nach einer aktiven Aktion von Ihnen als Besucher. Sie k\u00f6nnen Ihre Einstellungen jederzeit \u00fcber unsere Website \u00e4ndern.<\/p>\n<p style=\"text-align: center;\">\n<\/p>\t\t\t\t\t\t\t\t<\/div>\n\t\t\t\t<\/div>\n\t\t\t\t\t<\/div>\n\t\t<\/div>\n\t\t\t\t\t<\/div>\n\t\t<\/section>\n\t\t\t\t<\/div>\n\t\t","protected":false},"excerpt":{"rendered":"<p>\u00fcber die Cookies, die Dutch Design &#038; More verwendet Ein Cookie ist eine kleine Textdatei, die vom Browser Ihres Computers, Tablets oder Smartphones gespeichert wird, wenn Sie unseren Blog zum ersten Mal besuchen. Es gibt verschiedene Arten von Cookies, Dutch Design &amp; More verwendet nur diese 2 Cookies:1. Funktionale Cookies mit rein technischer Funktionalit\u00e4t. Diese [&hellip;]<\/p>\n","protected":false},"author":2,"featured_media":0,"parent":0,"menu_order":0,"comment_status":"closed","ping_status":"closed","template":"","meta":{"footnotes":""},"class_list":["post-7199","page","type-page","status-publish","hentry"],"yoast_head":"<!-- This site is optimized with the Yoast SEO plugin v27.5 - https:\/\/yoast.com\/product\/yoast-seo-wordpress\/ -->\n<title>Cookies - Dutch Design &amp; more (DE)<\/title>\n<meta name=\"robots\" content=\"index, follow, max-snippet:-1, max-image-preview:large, max-video-preview:-1\" \/>\n<link rel=\"canonical\" href=\"https:\/\/www.dutchdesignandmore.nl\/de\/404-seite-nicht-gefunden-2\/\" \/>\n<meta property=\"og:locale\" content=\"de_DE\" \/>\n<meta property=\"og:type\" content=\"article\" \/>\n<meta property=\"og:title\" content=\"Cookies - Dutch Design &amp; more (DE)\" \/>\n<meta property=\"og:description\" content=\"\u00fcber die Cookies, die Dutch Design &#038; More verwendet Ein Cookie ist eine kleine Textdatei, die vom Browser Ihres Computers, Tablets oder Smartphones gespeichert wird, wenn Sie unseren Blog zum ersten Mal besuchen. Es gibt verschiedene Arten von Cookies, Dutch Design &amp; More verwendet nur diese 2 Cookies:1. Funktionale Cookies mit rein technischer Funktionalit\u00e4t. Diese [&hellip;]\" \/>\n<meta property=\"og:url\" content=\"https:\/\/www.dutchdesignandmore.nl\/de\/404-seite-nicht-gefunden-2\/\" \/>\n<meta property=\"og:site_name\" content=\"Dutch Design &amp; more (DE)\" \/>\n<meta property=\"article:modified_time\" content=\"2022-11-21T14:28:51+00:00\" \/>\n<meta name=\"twitter:card\" content=\"summary_large_image\" \/>\n<meta name=\"twitter:label1\" content=\"Gesch\u00e4tzte Lesezeit\" \/>\n\t<meta name=\"twitter:data1\" content=\"1\u00a0Minute\" \/>\n<script type=\"application\/ld+json\" class=\"yoast-schema-graph\">{\"@context\":\"https:\\\/\\\/schema.org\",\"@graph\":[{\"@type\":\"WebPage\",\"@id\":\"https:\\\/\\\/www.dutchdesignandmore.nl\\\/de\\\/404-seite-nicht-gefunden-2\\\/\",\"url\":\"https:\\\/\\\/www.dutchdesignandmore.nl\\\/de\\\/404-seite-nicht-gefunden-2\\\/\",\"name\":\"Cookies - Dutch Design &amp; more (DE)\",\"isPartOf\":{\"@id\":\"https:\\\/\\\/www.dutchdesignandmore.nl\\\/de\\\/#website\"},\"datePublished\":\"2022-11-21T11:23:48+00:00\",\"dateModified\":\"2022-11-21T14:28:51+00:00\",\"breadcrumb\":{\"@id\":\"https:\\\/\\\/www.dutchdesignandmore.nl\\\/de\\\/404-seite-nicht-gefunden-2\\\/#breadcrumb\"},\"inLanguage\":\"de\",\"potentialAction\":[{\"@type\":\"ReadAction\",\"target\":[\"https:\\\/\\\/www.dutchdesignandmore.nl\\\/de\\\/404-seite-nicht-gefunden-2\\\/\"]}]},{\"@type\":\"BreadcrumbList\",\"@id\":\"https:\\\/\\\/www.dutchdesignandmore.nl\\\/de\\\/404-seite-nicht-gefunden-2\\\/#breadcrumb\",\"itemListElement\":[{\"@type\":\"ListItem\",\"position\":1,\"name\":\"Home\",\"item\":\"https:\\\/\\\/www.dutchdesignandmore.nl\\\/de\\\/\"},{\"@type\":\"ListItem\",\"position\":2,\"name\":\"Cookies\"}]},{\"@type\":\"WebSite\",\"@id\":\"https:\\\/\\\/www.dutchdesignandmore.nl\\\/de\\\/#website\",\"url\":\"https:\\\/\\\/www.dutchdesignandmore.nl\\\/de\\\/\",\"name\":\"Dutch Design &amp; more (DE)\",\"description\":\"Een andere Holland Shop Blog sites site\",\"potentialAction\":[{\"@type\":\"SearchAction\",\"target\":{\"@type\":\"EntryPoint\",\"urlTemplate\":\"https:\\\/\\\/www.dutchdesignandmore.nl\\\/de\\\/?s={search_term_string}\"},\"query-input\":{\"@type\":\"PropertyValueSpecification\",\"valueRequired\":true,\"valueName\":\"search_term_string\"}}],\"inLanguage\":\"de\"}]}<\/script>\n<!-- \/ Yoast SEO plugin. -->","yoast_head_json":{"title":"Cookies - Dutch Design &amp; more (DE)","robots":{"index":"index","follow":"follow","max-snippet":"max-snippet:-1","max-image-preview":"max-image-preview:large","max-video-preview":"max-video-preview:-1"},"canonical":"https:\/\/www.dutchdesignandmore.nl\/de\/404-seite-nicht-gefunden-2\/","og_locale":"de_DE","og_type":"article","og_title":"Cookies - Dutch Design &amp; more (DE)","og_description":"\u00fcber die Cookies, die Dutch Design &#038; More verwendet Ein Cookie ist eine kleine Textdatei, die vom Browser Ihres Computers, Tablets oder Smartphones gespeichert wird, wenn Sie unseren Blog zum ersten Mal besuchen. Es gibt verschiedene Arten von Cookies, Dutch Design &amp; More verwendet nur diese 2 Cookies:1. Funktionale Cookies mit rein technischer Funktionalit\u00e4t. Diese [&hellip;]","og_url":"https:\/\/www.dutchdesignandmore.nl\/de\/404-seite-nicht-gefunden-2\/","og_site_name":"Dutch Design &amp; more (DE)","article_modified_time":"2022-11-21T14:28:51+00:00","twitter_card":"summary_large_image","twitter_misc":{"Gesch\u00e4tzte Lesezeit":"1\u00a0Minute"},"schema":{"@context":"https:\/\/schema.org","@graph":[{"@type":"WebPage","@id":"https:\/\/www.dutchdesignandmore.nl\/de\/404-seite-nicht-gefunden-2\/","url":"https:\/\/www.dutchdesignandmore.nl\/de\/404-seite-nicht-gefunden-2\/","name":"Cookies - Dutch Design &amp; more (DE)","isPartOf":{"@id":"https:\/\/www.dutchdesignandmore.nl\/de\/#website"},"datePublished":"2022-11-21T11:23:48+00:00","dateModified":"2022-11-21T14:28:51+00:00","breadcrumb":{"@id":"https:\/\/www.dutchdesignandmore.nl\/de\/404-seite-nicht-gefunden-2\/#breadcrumb"},"inLanguage":"de","potentialAction":[{"@type":"ReadAction","target":["https:\/\/www.dutchdesignandmore.nl\/de\/404-seite-nicht-gefunden-2\/"]}]},{"@type":"BreadcrumbList","@id":"https:\/\/www.dutchdesignandmore.nl\/de\/404-seite-nicht-gefunden-2\/#breadcrumb","itemListElement":[{"@type":"ListItem","position":1,"name":"Home","item":"https:\/\/www.dutchdesignandmore.nl\/de\/"},{"@type":"ListItem","position":2,"name":"Cookies"}]},{"@type":"WebSite","@id":"https:\/\/www.dutchdesignandmore.nl\/de\/#website","url":"https:\/\/www.dutchdesignandmore.nl\/de\/","name":"Dutch Design &amp; more (DE)","description":"Een andere Holland Shop Blog sites site","potentialAction":[{"@type":"SearchAction","target":{"@type":"EntryPoint","urlTemplate":"https:\/\/www.dutchdesignandmore.nl\/de\/?s={search_term_string}"},"query-input":{"@type":"PropertyValueSpecification","valueRequired":true,"valueName":"search_term_string"}}],"inLanguage":"de"}]}},"post_mailing_queue_ids":[],"_links":{"self":[{"href":"https:\/\/www.dutchdesignandmore.nl\/de\/wp-json\/wp\/v2\/pages\/7199","targetHints":{"allow":["GET"]}}],"collection":[{"href":"https:\/\/www.dutchdesignandmore.nl\/de\/wp-json\/wp\/v2\/pages"}],"about":[{"href":"https:\/\/www.dutchdesignandmore.nl\/de\/wp-json\/wp\/v2\/types\/page"}],"author":[{"embeddable":true,"href":"https:\/\/www.dutchdesignandmore.nl\/de\/wp-json\/wp\/v2\/users\/2"}],"replies":[{"embeddable":true,"href":"https:\/\/www.dutchdesignandmore.nl\/de\/wp-json\/wp\/v2\/comments?post=7199"}],"version-history":[{"count":28,"href":"https:\/\/www.dutchdesignandmore.nl\/de\/wp-json\/wp\/v2\/pages\/7199\/revisions"}],"predecessor-version":[{"id":7227,"href":"https:\/\/www.dutchdesignandmore.nl\/de\/wp-json\/wp\/v2\/pages\/7199\/revisions\/7227"}],"wp:attachment":[{"href":"https:\/\/www.dutchdesignandmore.nl\/de\/wp-json\/wp\/v2\/media?parent=7199"}],"curies":[{"name":"wp","href":"https:\/\/api.w.org\/{rel}","templated":true}]}}